{"id":1882,"date":"2024-12-14T07:20:57","date_gmt":"2024-12-14T07:20:57","guid":{"rendered":"https:\/\/www.ustuntransfer.com.tr\/?page_id=1882"},"modified":"2025-10-09T09:07:09","modified_gmt":"2025-10-09T09:07:09","slug":"makaleler","status":"publish","type":"page","link":"https:\/\/www.ustuntransfer.com.tr\/index.php\/makaleler\/","title":{"rendered":"Makaleler"},"content":{"rendered":"<div class=\"wp-block-kadence-posts kb-posts kb-posts-id-1882_67abe8-07 content-wrap grid-cols kb-posts-style-boxed grid-sm-col-2 grid-lg-col-3 item-image-style-above\"><article class=\"entry content-bg loop-entry post-1879 post type-post status-publish format-standard has-post-thumbnail hentry category-evden-eve-nakliye-ustun-transfer tag-akyurt-asansorlu-nakliyat tag-akyurt-esya-depolama tag-akyurt-evden-eve-nakliyat tag-akyurt-evden-eve-nakliye tag-akyurt-nakliyat-firmalari tag-akyurt-nakliyat-fiyatlari tag-akyurt-ofis-tasimaciligi tag-akyurt-parca-esya-tasima tag-akyurt-sehirler-arasi-nakliyat tag-akyurt-sigortali-nakliyat tag-altindag-asansorlu-nakliyat tag-altindag-esya-depolama tag-altindag-evden-eve-nakliyat tag-altindag-evden-eve-nakliye tag-altindag-nakliyat-firmalari tag-altindag-nakliyat-fiyatlari tag-altindag-ofis-tasimaciligi tag-altindag-parca-esya-tasima tag-altindag-sehirler-arasi-nakliyat tag-altindag-sigortali-nakliyat tag-bala-asansorlu-nakliyat tag-bala-esya-depolama tag-bala-evden-eve-nakliyat tag-bala-evden-eve-nakliye tag-bala-nakliyat-firmalari tag-bala-nakliyat-fiyatlari tag-bala-ofis-tasimaciligi tag-bala-parca-esya-tasima tag-bala-sehirler-arasi-nakliyat tag-bala-sigortali-nakliyat tag-beypazari-asansorlu-nakliyat tag-beypazari-esya-depolama tag-beypazari-evden-eve-nakliyat tag-beypazari-evden-eve-nakliye tag-beypazari-nakliyat-firmalari tag-beypazari-nakliyat-fiyatlari tag-beypazari-ofis-tasimaciligi tag-beypazari-parca-esya-tasima tag-beypazari-sehirler-arasi-nakliyat tag-beypazari-sigortali-nakliyat tag-camlidere-asansorlu-nakliyat tag-camlidere-esya-depolama tag-camlidere-evden-eve-nakliyat tag-camlidere-evden-eve-nakliye tag-camlidere-nakliyat-firmalari tag-camlidere-nakliyat-fiyatlari tag-camlidere-ofis-tasimaciligi tag-camlidere-parca-esya-tasima tag-camlidere-sehirler-arasi-nakliyat tag-camlidere-sigortali-nakliyat tag-cankaya-asansorlu-nakliyat tag-cankaya-esya-depolama tag-cankaya-evden-eve-nakliyat tag-cankaya-evden-eve-nakliye tag-cankaya-nakliyat-firmalari tag-cankaya-nakliyat-fiyatlari tag-cankaya-ofis-tasimaciligi tag-cankaya-parca-esya-tasima tag-cankaya-sehirler-arasi-nakliyat tag-cankaya-sigortali-nakliyat tag-elmadag-asansorlu-nakliyat tag-elmadag-esya-depolama tag-elmadag-evden-eve-nakliyat tag-elmadag-evden-eve-nakliye tag-elmadag-nakliyat-firmalari tag-elmadag-nakliyat-fiyatlari tag-elmadag-ofis-tasimaciligi tag-elmadag-parca-esya-tasima tag-elmadag-sehirler-arasi-nakliyat tag-elmadag-sigortali-nakliyat tag-etimesgut-asansorlu-nakliyat tag-etimesgut-esya-depolama tag-etimesgut-evden-eve-nakliyat tag-etimesgut-evden-eve-nakliye tag-etimesgut-nakliyat-firmalari tag-etimesgut-nakliyat-fiyatlari tag-etimesgut-ofis-tasimaciligi tag-etimesgut-parca-esya-tasima tag-etimesgut-sehirler-arasi-nakliyat tag-etimesgut-sigortali-nakliyat tag-golbasi-asansorlu-nakliyat tag-golbasi-esya-depolama tag-golbasi-evden-eve-nakliyat tag-golbasi-evden-eve-nakliye tag-golbasi-nakliyat-firmalari tag-golbasi-nakliyat-fiyatlari tag-golbasi-ofis-tasimaciligi tag-golbasi-parca-esya-tasima tag-golbasi-sehirler-arasi-nakliyat tag-golbasi-sigortali-nakliyat tag-haymana-asansorlu-nakliyat tag-haymana-esya-depolama tag-haymana-evden-eve-nakliyat tag-haymana-evden-eve-nakliye tag-haymana-nakliyat-firmalari tag-haymana-nakliyat-fiyatlari tag-haymana-ofis-tasimaciligi tag-haymana-parca-esya-tasima tag-haymana-sehirler-arasi-nakliyat tag-haymana-sigortali-nakliyat tag-kalecik-asansorlu-nakliyat tag-kalecik-esya-depolama tag-kalecik-evden-eve-nakliyat tag-kalecik-evden-eve-nakliye tag-kalecik-nakliyat-firmalari tag-kalecik-nakliyat-fiyatlari tag-kalecik-ofis-tasimaciligi tag-kalecik-parca-esya-tasima tag-kalecik-sehirler-arasi-nakliyat tag-kalecik-sigortali-nakliyat tag-kazan-asansorlu-nakliyat tag-kazan-esya-depolama tag-kazan-evden-eve-nakliyat tag-kazan-evden-eve-nakliye tag-kazan-nakliyat-firmalari tag-kazan-ofis-tasimaciligi tag-kazan-parca-esya-tasima tag-kazan-sehirler-arasi-nakliyat tag-kazan-sigortali-nakliyat tag-kecioren-asansorlu-nakliyat tag-kecioren-esya-depolama tag-kecioren-evden-eve-nakliyat tag-kecioren-evden-eve-nakliye tag-kecioren-nakliyat-firmalari tag-kecioren-nakliyat-fiyatlari tag-kecioren-ofis-tasimaciligi tag-kecioren-parca-esya-tasima tag-kecioren-sehirler-arasi-nakliyat tag-kecioren-sigortali-nakliyat tag-mamak-asansorlu-nakliyat tag-mamak-esya-depolama tag-mamak-evden-eve-nakliyat tag-mamak-evden-eve-nakliye tag-mamak-nakliyat-firmalari tag-mamak-nakliyat-fiyatlari tag-mamak-ofis-tasimaciligi tag-mamak-parca-esya-tasima tag-mamak-sehirler-arasi-nakliyat tag-mamak-sigortali-nakliyat tag-pursaklar-asansorlu-nakliyat tag-pursaklar-esya-depolama tag-pursaklar-evden-eve-nakliyat tag-pursaklar-evden-eve-nakliye tag-pursaklar-nakliyat-firmalari tag-pursaklar-nakliyat-fiyatlari tag-pursaklar-ofis-tasimaciligi tag-pursaklar-parca-esya-tasima tag-pursaklar-sehirler-arasi-nakliyat tag-pursaklar-sigortali-nakliyat tag-sincan-asansorlu-nakliyat tag-sincan-esya-depolama tag-sincan-evden-eve-nakliyat tag-sincan-evden-eve-nakliye tag-sincan-nakliyat-firmalari tag-sincan-nakliyat-fiyatlari tag-sincan-ofis-tasimaciligi tag-sincan-parca-esya-tasima tag-sincan-sehirler-arasi-nakliyat tag-sincan-sigortali-nakliyat tag-yenimahalle-asansorlu-nakliyat tag-yenimahalle-esya-depolama tag-yenimahalle-evden-eve-nakliyat tag-yenimahalle-evden-eve-nakliye tag-yenimahalle-nakliyat-firmalari tag-yenimahalle-nakliyat-fiyatlari tag-yenimahalle-ofis-tasimaciligi tag-yenimahalle-parca-esya-tasima tag-yenimahalle-sehirler-arasi-nakliyat tag-yenimahalle-sigortali-nakliyat\">\n\t\t\t<a class=\"post-thumbnail kadence-thumbnail-ratio-2-3\" href=\"https:\/\/www.ustuntransfer.com.tr\/index.php\/2024\/12\/14\/ankara-nakliye-fiyatlari-ve-hizmetleri-hakkinda-bilmeniz-gerekenler\/\">\n\t\t\t<div class=\"post-thumbnail-inner\">\n\t\t\t\t<img loading=\"lazy\" decoding=\"async\" width=\"768\" height=\"439\" src=\"https:\/\/www.ustuntransfer.com.tr\/wp-content\/uploads\/2024\/12\/ankara-evden-eve-nakliye-firmalari-768x439.webp\" class=\"attachment-medium_large size-medium_large wp-post-image\" alt=\"Ankara Nakliye Fiyatlar\u0131 ve Hizmetleri Hakk\u0131nda Bilmeniz Gerekenler\" srcset=\"https:\/\/www.ustuntransfer.com.tr\/wp-content\/uploads\/2024\/12\/ankara-evden-eve-nakliye-firmalari-768x439.webp 768w, https:\/\/www.ustuntransfer.com.tr\/wp-content\/uploads\/2024\/12\/ankara-evden-eve-nakliye-firmalari-300x171.webp 300w, https:\/\/www.ustuntransfer.com.tr\/wp-content\/uploads\/2024\/12\/ankara-evden-eve-nakliye-firmalari-1024x585.webp 1024w, https:\/\/www.ustuntransfer.com.tr\/wp-content\/uploads\/2024\/12\/ankara-evden-eve-nakliye-firmalari-1536x878.webp 1536w, https:\/\/www.ustuntransfer.com.tr\/wp-content\/uploads\/2024\/12\/ankara-evden-eve-nakliye-firmalari.webp 1792w\" sizes=\"(max-width: 768px) 100vw, 768px\" \/>\t\t\t<\/div>\n\t\t<\/a><!-- .post-thumbnail -->\n\t\t\t<div class=\"entry-content-wrap\">\n\t\t<header class=\"entry-header\">\n\t\t<div class=\"entry-taxonomies\">\n\t\t<span class=\"category-links term-links category-style-normal\">\n\t\t\t<a href=\"https:\/\/www.ustuntransfer.com.tr\/index.php\/category\/evden-eve-nakliye-ustun-transfer\/\" rel=\"category tag\">Evden eve nakliye &#8211; \u00dcst\u00fcn Transfer<\/a>\t\t<\/span>\n\t<\/div><!-- .entry-taxonomies -->\n\t<h2 class=\"entry-title\"><a href=\"https:\/\/www.ustuntransfer.com.tr\/index.php\/2024\/12\/14\/ankara-nakliye-fiyatlari-ve-hizmetleri-hakkinda-bilmeniz-gerekenler\/\" rel=\"bookmark\">Ankara Nakliye Fiyatlar\u0131 ve Hizmetleri Hakk\u0131nda Bilmeniz Gerekenler<\/a><\/h2><\/header><!-- .entry-header -->\n\t<div class=\"entry-summary\">\n\t\t<p>kolileri dikkatle y\u00fckleyen tulum giymi\u015f \u00e7al\u0131\u015fanlar yer al\u0131yor. G\u00f6rsel, \u201cKe\u00e7i\u00f6ren evden eve nakliyat,\u201d \u201c\u00c7ankaya ofis ta\u015f\u0131mac\u0131l\u0131\u011f\u0131,\u201d \u201cAnkara nakliyat firmalar\u0131,\u201d \u201cMamak e\u015fya depolama,\u201d gibi temel anahtar kelimeleri vurgulayan profesyonel ta\u015f\u0131mac\u0131l\u0131k temas\u0131n\u0131 g\u00fc\u00e7l\u00fc \u015fekilde yans\u0131tmaktad\u0131r. G\u00fcvenilirlik, d\u00fczen ve m\u00fc\u015fteri memnuniyeti odakl\u0131 hizmet anlay\u0131\u015f\u0131 g\u00f6rselin genel konseptini olu\u015fturmaktad\u0131r.<\/p>\n\t<\/div><!-- .entry-summary -->\n\t<footer class=\"entry-footer\">\n\t\t\t<div class=\"entry-actions\">\n\t\t\t<p class=\"more-link-wrap\">\n\t\t\t\t<a href=\"https:\/\/www.ustuntransfer.com.tr\/index.php\/2024\/12\/14\/ankara-nakliye-fiyatlari-ve-hizmetleri-hakkinda-bilmeniz-gerekenler\/\" class=\"post-more-link\">\n\t\t\t\t\tDevam\u0131n\u0131 OKU<span class=\"screen-reader-text\"> Ankara Nakliye Fiyatlar\u0131 ve Hizmetleri Hakk\u0131nda Bilmeniz Gerekenler<\/span><span class=\"kadence-svg-iconset svg-baseline\"><svg aria-hidden=\"true\" class=\"kadence-svg-icon kadence-arrow-right-alt-svg\" fill=\"currentColor\" version=\"1.1\" xmlns=\"http:\/\/www.w3.org\/2000\/svg\" width=\"27\" height=\"28\" viewBox=\"0 0 27 28\"><title>Continue<\/title><path d=\"M27 13.953c0 0.141-0.063 0.281-0.156 0.375l-6 5.531c-0.156 0.141-0.359 0.172-0.547 0.094-0.172-0.078-0.297-0.25-0.297-0.453v-3.5h-19.5c-0.281 0-0.5-0.219-0.5-0.5v-3c0-0.281 0.219-0.5 0.5-0.5h19.5v-3.5c0-0.203 0.109-0.375 0.297-0.453s0.391-0.047 0.547 0.078l6 5.469c0.094 0.094 0.156 0.219 0.156 0.359v0z\"><\/path>\n\t\t\t<\/svg><\/span>\t\t\t\t<\/a>\n\t\t\t<\/p>\n\t\t<\/div><!-- .entry-actions -->\n\t\t<\/footer><!-- .entry-footer -->\t<\/div>\n<\/article>\n<article class=\"entry content-bg loop-entry post-1876 post type-post status-publish format-standard has-post-thumbnail hentry category-evden-eve-nakliye-ustun-transfer tag-akyurt-evden-eve-nakliye tag-altindag-evden-eve-nakliye tag-bala-evden-eve-nakliye tag-beypazari-evden-eve-nakliye tag-camlidere-evden-eve-nakliye tag-cankaya-evden-eve-nakliye tag-elmadag-evden-eve-nakliye tag-etimesgut-evden-eve-nakliye tag-golbasi-evden-eve-nakliye tag-haymana-evden-eve-nakliye tag-kalecik-evden-eve-nakliye tag-kazan-evden-eve-nakliye tag-kecioren-evden-eve-nakliye tag-kizilcahamam-evden-eve-nakliye tag-mamak-evden-eve-nakliye tag-nallihan-evden-eve-nakliye tag-polatli-evden-eve-nakliye tag-pursaklar-evden-eve-nakliye tag-sincan-evden-eve-nakliye tag-yenimahalle-evden-eve-nakliye tag-yenimahalle-evden-eve-nakliye-fiyatlari tag-yenimahalle-evden-eve-tasima-ucretleri tag-yenimahalle-nakliye tag-yenimahalle-ofis-nakliye-fiyatlari tag-yenimahalle-sehirici-ev-tasima-fiyatlari tag-yenimahalle-sehirici-nakliyat-fiyatlari tag-yenimahalle-sehirici-nakliye-fiyatlari tag-yenimahalle-sehirici-ofis-tasima-fiyatlari tag-yenimahalle-sehirlerarasi-nakliyat-fiyatlari\">\n\t\t\t<a class=\"post-thumbnail kadence-thumbnail-ratio-2-3\" href=\"https:\/\/www.ustuntransfer.com.tr\/index.php\/2024\/12\/14\/evden-eve-nakliye-surecinde-dikkat-edilmesi-gerekenler\/\">\n\t\t\t<div class=\"post-thumbnail-inner\">\n\t\t\t\t<img loading=\"lazy\" decoding=\"async\" width=\"768\" height=\"439\" src=\"https:\/\/www.ustuntransfer.com.tr\/wp-content\/uploads\/2024\/12\/evden-eve-nakliye-sureci-ustun-transfer-768x439.webp\" class=\"attachment-medium_large size-medium_large wp-post-image\" alt=\"Evden Eve Nakliye S\u00fcrecinde Dikkat Edilmesi Gerekenler\" srcset=\"https:\/\/www.ustuntransfer.com.tr\/wp-content\/uploads\/2024\/12\/evden-eve-nakliye-sureci-ustun-transfer-768x439.webp 768w, https:\/\/www.ustuntransfer.com.tr\/wp-content\/uploads\/2024\/12\/evden-eve-nakliye-sureci-ustun-transfer-300x171.webp 300w, https:\/\/www.ustuntransfer.com.tr\/wp-content\/uploads\/2024\/12\/evden-eve-nakliye-sureci-ustun-transfer-1024x585.webp 1024w, https:\/\/www.ustuntransfer.com.tr\/wp-content\/uploads\/2024\/12\/evden-eve-nakliye-sureci-ustun-transfer-1536x878.webp 1536w, https:\/\/www.ustuntransfer.com.tr\/wp-content\/uploads\/2024\/12\/evden-eve-nakliye-sureci-ustun-transfer.webp 1792w\" sizes=\"(max-width: 768px) 100vw, 768px\" \/>\t\t\t<\/div>\n\t\t<\/a><!-- .post-thumbnail -->\n\t\t\t<div class=\"entry-content-wrap\">\n\t\t<header class=\"entry-header\">\n\t\t<div class=\"entry-taxonomies\">\n\t\t<span class=\"category-links term-links category-style-normal\">\n\t\t\t<a href=\"https:\/\/www.ustuntransfer.com.tr\/index.php\/category\/evden-eve-nakliye-ustun-transfer\/\" rel=\"category tag\">Evden eve nakliye &#8211; \u00dcst\u00fcn Transfer<\/a>\t\t<\/span>\n\t<\/div><!-- .entry-taxonomies -->\n\t<h2 class=\"entry-title\"><a href=\"https:\/\/www.ustuntransfer.com.tr\/index.php\/2024\/12\/14\/evden-eve-nakliye-surecinde-dikkat-edilmesi-gerekenler\/\" rel=\"bookmark\">Evden Eve Nakliye S\u00fcrecinde Dikkat Edilmesi Gerekenler<\/a><\/h2><\/header><!-- .entry-header -->\n\t<div class=\"entry-summary\">\n\t\t<p>Evden Eve Nakliye S\u00fcrecinde Dikkat Edilmesi Gerekenler Ev ta\u015f\u0131mak, dikkatli planlama ve do\u011fru ad\u0131mlarla kolayla\u015fabilir. Ankara evden eve nakliye hizmetlerinde profesyonel destek alarak ta\u015f\u0131nma s\u00fcrecinizi daha h\u0131zl\u0131 ve g\u00fcvenli hale&#8230;<\/p>\n\t<\/div><!-- .entry-summary -->\n\t<footer class=\"entry-footer\">\n\t\t\t<div class=\"entry-actions\">\n\t\t\t<p class=\"more-link-wrap\">\n\t\t\t\t<a href=\"https:\/\/www.ustuntransfer.com.tr\/index.php\/2024\/12\/14\/evden-eve-nakliye-surecinde-dikkat-edilmesi-gerekenler\/\" class=\"post-more-link\">\n\t\t\t\t\tDevam\u0131n\u0131 OKU<span class=\"screen-reader-text\"> Evden Eve Nakliye S\u00fcrecinde Dikkat Edilmesi Gerekenler<\/span><span class=\"kadence-svg-iconset svg-baseline\"><svg aria-hidden=\"true\" class=\"kadence-svg-icon kadence-arrow-right-alt-svg\" fill=\"currentColor\" version=\"1.1\" xmlns=\"http:\/\/www.w3.org\/2000\/svg\" width=\"27\" height=\"28\" viewBox=\"0 0 27 28\"><title>Continue<\/title><path d=\"M27 13.953c0 0.141-0.063 0.281-0.156 0.375l-6 5.531c-0.156 0.141-0.359 0.172-0.547 0.094-0.172-0.078-0.297-0.25-0.297-0.453v-3.5h-19.5c-0.281 0-0.5-0.219-0.5-0.5v-3c0-0.281 0.219-0.5 0.5-0.5h19.5v-3.5c0-0.203 0.109-0.375 0.297-0.453s0.391-0.047 0.547 0.078l6 5.469c0.094 0.094 0.156 0.219 0.156 0.359v0z\"><\/path>\n\t\t\t<\/svg><\/span>\t\t\t\t<\/a>\n\t\t\t<\/p>\n\t\t<\/div><!-- .entry-actions -->\n\t\t<\/footer><!-- .entry-footer -->\t<\/div>\n<\/article>\n<article class=\"entry content-bg loop-entry post-1873 post type-post status-publish format-standard has-post-thumbnail hentry category-evden-eve-nakliye-ustun-transfer tag-akyurt-evden-eve-nakliye tag-altindag-evden-eve-nakliye tag-bala-evden-eve-nakliye tag-beypazari-evden-eve-nakliye tag-camlidere-evden-eve-nakliye tag-cankaya-evden-eve-nakliye tag-elmadag-evden-eve-nakliye tag-etimesgut-evden-eve-nakliye tag-golbasi-evden-eve-nakliye tag-haymana-evden-eve-nakliye tag-kalecik-evden-eve-nakliye tag-kazan-evden-eve-nakliye tag-kecioren-evden-eve-nakliye tag-kizilcahamam-evden-eve-nakliye tag-mamak-evden-eve-nakliye tag-nallihan-evden-eve-nakliye tag-polatli-evden-eve-nakliye tag-pursaklar-evden-eve-nakliye tag-sincan-evden-eve-nakliye tag-yenimahalle-evden-eve-nakliye tag-yenimahalle-nakliye tag-yenimahalle-sehirici-ev-tasima-fiyatlari tag-yenimahalle-sehirici-nakliyat-fiyatlari tag-yenimahalle-sehirici-nakliye-fiyatlari tag-yenimahalle-sehirici-ofis-tasima-fiyatlari tag-yenimahalle-sehirlerarasi-nakliyat-fiyatlari\">\n\t\t\t<a class=\"post-thumbnail kadence-thumbnail-ratio-2-3\" href=\"https:\/\/www.ustuntransfer.com.tr\/index.php\/2024\/12\/14\/ankara-evden-eve-nakliye-hizmetlerinde-guven-ve-kalite\/\">\n\t\t\t<div class=\"post-thumbnail-inner\">\n\t\t\t\t<img loading=\"lazy\" decoding=\"async\" width=\"768\" height=\"439\" src=\"https:\/\/www.ustuntransfer.com.tr\/wp-content\/uploads\/2024\/12\/ankara-evden-eve-nakliye-768x439.webp\" class=\"attachment-medium_large size-medium_large wp-post-image\" alt=\"Ankara Evden Eve Nakliye Hizmetlerinde G\u00fcven ve Kalite\" srcset=\"https:\/\/www.ustuntransfer.com.tr\/wp-content\/uploads\/2024\/12\/ankara-evden-eve-nakliye-768x439.webp 768w, https:\/\/www.ustuntransfer.com.tr\/wp-content\/uploads\/2024\/12\/ankara-evden-eve-nakliye-300x171.webp 300w, https:\/\/www.ustuntransfer.com.tr\/wp-content\/uploads\/2024\/12\/ankara-evden-eve-nakliye-1024x585.webp 1024w, https:\/\/www.ustuntransfer.com.tr\/wp-content\/uploads\/2024\/12\/ankara-evden-eve-nakliye-1536x878.webp 1536w, https:\/\/www.ustuntransfer.com.tr\/wp-content\/uploads\/2024\/12\/ankara-evden-eve-nakliye.webp 1792w\" sizes=\"(max-width: 768px) 100vw, 768px\" \/>\t\t\t<\/div>\n\t\t<\/a><!-- .post-thumbnail -->\n\t\t\t<div class=\"entry-content-wrap\">\n\t\t<header class=\"entry-header\">\n\t\t<div class=\"entry-taxonomies\">\n\t\t<span class=\"category-links term-links category-style-normal\">\n\t\t\t<a href=\"https:\/\/www.ustuntransfer.com.tr\/index.php\/category\/evden-eve-nakliye-ustun-transfer\/\" rel=\"category tag\">Evden eve nakliye &#8211; \u00dcst\u00fcn Transfer<\/a>\t\t<\/span>\n\t<\/div><!-- .entry-taxonomies -->\n\t<h2 class=\"entry-title\"><a href=\"https:\/\/www.ustuntransfer.com.tr\/index.php\/2024\/12\/14\/ankara-evden-eve-nakliye-hizmetlerinde-guven-ve-kalite\/\" rel=\"bookmark\">Ankara Evden Eve Nakliye Hizmetlerinde G\u00fcven ve Kalite<\/a><\/h2><\/header><!-- .entry-header -->\n\t<div class=\"entry-summary\">\n\t\t<p>Ankara Evden Eve Nakliye Hizmetlerinde G\u00fcven ve Kalite Evinizi ta\u015f\u0131mak, hayat\u0131n\u0131z\u0131n en \u00f6nemli ve stresli s\u00fcre\u00e7lerinden biri olabilir. Ankara b\u00f6lgesinde evden eve nakliye hizmetine ihtiyac\u0131n\u0131z oldu\u011funda, profesyonel bir ekiple \u00e7al\u0131\u015fmak&#8230;<\/p>\n\t<\/div><!-- .entry-summary -->\n\t<footer class=\"entry-footer\">\n\t\t\t<div class=\"entry-actions\">\n\t\t\t<p class=\"more-link-wrap\">\n\t\t\t\t<a href=\"https:\/\/www.ustuntransfer.com.tr\/index.php\/2024\/12\/14\/ankara-evden-eve-nakliye-hizmetlerinde-guven-ve-kalite\/\" class=\"post-more-link\">\n\t\t\t\t\tDevam\u0131n\u0131 OKU<span class=\"screen-reader-text\"> Ankara Evden Eve Nakliye Hizmetlerinde G\u00fcven ve Kalite<\/span><span class=\"kadence-svg-iconset svg-baseline\"><svg aria-hidden=\"true\" class=\"kadence-svg-icon kadence-arrow-right-alt-svg\" fill=\"currentColor\" version=\"1.1\" xmlns=\"http:\/\/www.w3.org\/2000\/svg\" width=\"27\" height=\"28\" viewBox=\"0 0 27 28\"><title>Continue<\/title><path d=\"M27 13.953c0 0.141-0.063 0.281-0.156 0.375l-6 5.531c-0.156 0.141-0.359 0.172-0.547 0.094-0.172-0.078-0.297-0.25-0.297-0.453v-3.5h-19.5c-0.281 0-0.5-0.219-0.5-0.5v-3c0-0.281 0.219-0.5 0.5-0.5h19.5v-3.5c0-0.203 0.109-0.375 0.297-0.453s0.391-0.047 0.547 0.078l6 5.469c0.094 0.094 0.156 0.219 0.156 0.359v0z\"><\/path>\n\t\t\t<\/svg><\/span>\t\t\t\t<\/a>\n\t\t\t<\/p>\n\t\t<\/div><!-- .entry-actions -->\n\t\t<\/footer><!-- .entry-footer -->\t<\/div>\n<\/article>\n<\/div>","protected":false},"excerpt":{"rendered":"","protected":false},"author":2,"featured_media":0,"parent":0,"menu_order":0,"comment_status":"closed","ping_status":"closed","template":"","meta":{"_kadence_starter_templates_imported_post":false,"_kad_post_transparent":"","_kad_post_title":"","_kad_post_layout":"","_kad_post_sidebar_id":"","_kad_post_content_style":"","_kad_post_vertical_padding":"","_kad_post_feature":"","_kad_post_feature_position":"","_kad_post_header":false,"_kad_post_footer":false,"footnotes":""},"class_list":["post-1882","page","type-page","status-publish","hentry"],"yoast_head":"<!-- This site is optimized with the Yoast SEO plugin v23.7 - https:\/\/yoast.com\/wordpress\/plugins\/seo\/ -->\n<title>Makaleler - \u00dcst\u00fcn Transfer<\/title>\n<meta name=\"description\" content=\"\u00dcst\u00fcn Transfer-Evden Eve\/\u015eehirleraras\u0131 Nakliye-Transfer Firmas\u0131\" \/>\n<meta name=\"robots\" content=\"index, follow, max-snippet:-1, max-image-preview:large, max-video-preview:-1\" \/>\n<link rel=\"canonical\" href=\"https:\/\/www.ustuntransfer.com.tr\/index.php\/makaleler\/\" \/>\n<meta property=\"og:locale\" content=\"tr_TR\" \/>\n<meta property=\"og:type\" content=\"article\" \/>\n<meta property=\"og:title\" content=\"Makaleler - \u00dcst\u00fcn Transfer\" \/>\n<meta property=\"og:description\" content=\"\u00dcst\u00fcn Transfer-Evden Eve\/\u015eehirleraras\u0131 Nakliye-Transfer Firmas\u0131\" \/>\n<meta property=\"og:url\" content=\"https:\/\/www.ustuntransfer.com.tr\/index.php\/makaleler\/\" \/>\n<meta property=\"og:site_name\" content=\"&Uuml;st&uuml;n Nakliyat\" \/>\n<meta property=\"article:modified_time\" content=\"2025-10-09T09:07:09+00:00\" \/>\n<meta name=\"twitter:card\" content=\"summary_large_image\" \/>\n<script type=\"application\/ld+json\" class=\"yoast-schema-graph\">{\"@context\":\"https:\/\/schema.org\",\"@graph\":[{\"@type\":\"WebPage\",\"@id\":\"https:\/\/www.ustuntransfer.com.tr\/index.php\/makaleler\/\",\"url\":\"https:\/\/www.ustuntransfer.com.tr\/index.php\/makaleler\/\",\"name\":\"Makaleler - \u00dcst\u00fcn Transfer\",\"isPartOf\":{\"@id\":\"https:\/\/www.ustuntransfer.com.tr\/#website\"},\"datePublished\":\"2024-12-14T07:20:57+00:00\",\"dateModified\":\"2025-10-09T09:07:09+00:00\",\"description\":\"\u00dcst\u00fcn Transfer-Evden Eve\/\u015eehirleraras\u0131 Nakliye-Transfer Firmas\u0131\",\"breadcrumb\":{\"@id\":\"https:\/\/www.ustuntransfer.com.tr\/index.php\/makaleler\/#breadcrumb\"},\"inLanguage\":\"tr\",\"potentialAction\":[{\"@type\":\"ReadAction\",\"target\":[\"https:\/\/www.ustuntransfer.com.tr\/index.php\/makaleler\/\"]}]},{\"@type\":\"BreadcrumbList\",\"@id\":\"https:\/\/www.ustuntransfer.com.tr\/index.php\/makaleler\/#breadcrumb\",\"itemListElement\":[{\"@type\":\"ListItem\",\"position\":1,\"name\":\"Anasayfa\",\"item\":\"https:\/\/www.ustuntransfer.com.tr\/\"},{\"@type\":\"ListItem\",\"position\":2,\"name\":\"Makaleler\"}]},{\"@type\":\"WebSite\",\"@id\":\"https:\/\/www.ustuntransfer.com.tr\/#website\",\"url\":\"https:\/\/www.ustuntransfer.com.tr\/\",\"name\":\"&Uuml;st&uuml;n Nakliyat\",\"description\":\"\",\"publisher\":{\"@id\":\"https:\/\/www.ustuntransfer.com.tr\/#organization\"},\"potentialAction\":[{\"@type\":\"SearchAction\",\"target\":{\"@type\":\"EntryPoint\",\"urlTemplate\":\"https:\/\/www.ustuntransfer.com.tr\/?s={search_term_string}\"},\"query-input\":{\"@type\":\"PropertyValueSpecification\",\"valueRequired\":true,\"valueName\":\"search_term_string\"}}],\"inLanguage\":\"tr\"},{\"@type\":\"Organization\",\"@id\":\"https:\/\/www.ustuntransfer.com.tr\/#organization\",\"name\":\"&Uuml;st&uuml;n Nakliyat\",\"url\":\"https:\/\/www.ustuntransfer.com.tr\/\",\"logo\":{\"@type\":\"ImageObject\",\"inLanguage\":\"tr\",\"@id\":\"https:\/\/www.ustuntransfer.com.tr\/#\/schema\/logo\/image\/\",\"url\":\"https:\/\/www.ustuntransfer.com.tr\/wp-content\/uploads\/2023\/10\/cropped-stun-3.png\",\"contentUrl\":\"https:\/\/www.ustuntransfer.com.tr\/wp-content\/uploads\/2023\/10\/cropped-stun-3.png\",\"width\":260,\"height\":273,\"caption\":\"&Uuml;st&uuml;n Nakliyat\"},\"image\":{\"@id\":\"https:\/\/www.ustuntransfer.com.tr\/#\/schema\/logo\/image\/\"}}]}<\/script>\n<!-- \/ Yoast SEO plugin. -->","yoast_head_json":{"title":"Makaleler - \u00dcst\u00fcn Transfer","description":"\u00dcst\u00fcn Transfer-Evden Eve\/\u015eehirleraras\u0131 Nakliye-Transfer Firmas\u0131","robots":{"index":"index","follow":"follow","max-snippet":"max-snippet:-1","max-image-preview":"max-image-preview:large","max-video-preview":"max-video-preview:-1"},"canonical":"https:\/\/www.ustuntransfer.com.tr\/index.php\/makaleler\/","og_locale":"tr_TR","og_type":"article","og_title":"Makaleler - \u00dcst\u00fcn Transfer","og_description":"\u00dcst\u00fcn Transfer-Evden Eve\/\u015eehirleraras\u0131 Nakliye-Transfer Firmas\u0131","og_url":"https:\/\/www.ustuntransfer.com.tr\/index.php\/makaleler\/","og_site_name":"&Uuml;st&uuml;n Nakliyat","article_modified_time":"2025-10-09T09:07:09+00:00","twitter_card":"summary_large_image","schema":{"@context":"https:\/\/schema.org","@graph":[{"@type":"WebPage","@id":"https:\/\/www.ustuntransfer.com.tr\/index.php\/makaleler\/","url":"https:\/\/www.ustuntransfer.com.tr\/index.php\/makaleler\/","name":"Makaleler - \u00dcst\u00fcn Transfer","isPartOf":{"@id":"https:\/\/www.ustuntransfer.com.tr\/#website"},"datePublished":"2024-12-14T07:20:57+00:00","dateModified":"2025-10-09T09:07:09+00:00","description":"\u00dcst\u00fcn Transfer-Evden Eve\/\u015eehirleraras\u0131 Nakliye-Transfer Firmas\u0131","breadcrumb":{"@id":"https:\/\/www.ustuntransfer.com.tr\/index.php\/makaleler\/#breadcrumb"},"inLanguage":"tr","potentialAction":[{"@type":"ReadAction","target":["https:\/\/www.ustuntransfer.com.tr\/index.php\/makaleler\/"]}]},{"@type":"BreadcrumbList","@id":"https:\/\/www.ustuntransfer.com.tr\/index.php\/makaleler\/#breadcrumb","itemListElement":[{"@type":"ListItem","position":1,"name":"Anasayfa","item":"https:\/\/www.ustuntransfer.com.tr\/"},{"@type":"ListItem","position":2,"name":"Makaleler"}]},{"@type":"WebSite","@id":"https:\/\/www.ustuntransfer.com.tr\/#website","url":"https:\/\/www.ustuntransfer.com.tr\/","name":"&Uuml;st&uuml;n Nakliyat","description":"","publisher":{"@id":"https:\/\/www.ustuntransfer.com.tr\/#organization"},"potentialAction":[{"@type":"SearchAction","target":{"@type":"EntryPoint","urlTemplate":"https:\/\/www.ustuntransfer.com.tr\/?s={search_term_string}"},"query-input":{"@type":"PropertyValueSpecification","valueRequired":true,"valueName":"search_term_string"}}],"inLanguage":"tr"},{"@type":"Organization","@id":"https:\/\/www.ustuntransfer.com.tr\/#organization","name":"&Uuml;st&uuml;n Nakliyat","url":"https:\/\/www.ustuntransfer.com.tr\/","logo":{"@type":"ImageObject","inLanguage":"tr","@id":"https:\/\/www.ustuntransfer.com.tr\/#\/schema\/logo\/image\/","url":"https:\/\/www.ustuntransfer.com.tr\/wp-content\/uploads\/2023\/10\/cropped-stun-3.png","contentUrl":"https:\/\/www.ustuntransfer.com.tr\/wp-content\/uploads\/2023\/10\/cropped-stun-3.png","width":260,"height":273,"caption":"&Uuml;st&uuml;n Nakliyat"},"image":{"@id":"https:\/\/www.ustuntransfer.com.tr\/#\/schema\/logo\/image\/"}}]}},"_links":{"self":[{"href":"https:\/\/www.ustuntransfer.com.tr\/index.php\/wp-json\/wp\/v2\/pages\/1882"}],"collection":[{"href":"https:\/\/www.ustuntransfer.com.tr\/index.php\/wp-json\/wp\/v2\/pages"}],"about":[{"href":"https:\/\/www.ustuntransfer.com.tr\/index.php\/wp-json\/wp\/v2\/types\/page"}],"author":[{"embeddable":true,"href":"https:\/\/www.ustuntransfer.com.tr\/index.php\/wp-json\/wp\/v2\/users\/2"}],"replies":[{"embeddable":true,"href":"https:\/\/www.ustuntransfer.com.tr\/index.php\/wp-json\/wp\/v2\/comments?post=1882"}],"version-history":[{"count":2,"href":"https:\/\/www.ustuntransfer.com.tr\/index.php\/wp-json\/wp\/v2\/pages\/1882\/revisions"}],"predecessor-version":[{"id":1984,"href":"https:\/\/www.ustuntransfer.com.tr\/index.php\/wp-json\/wp\/v2\/pages\/1882\/revisions\/1984"}],"wp:attachment":[{"href":"https:\/\/www.ustuntransfer.com.tr\/index.php\/wp-json\/wp\/v2\/media?parent=1882"}],"curies":[{"name":"wp","href":"https:\/\/api.w.org\/{rel}","templated":true}]}}